{"id":7163,"date":"2019-09-06T14:31:09","date_gmt":"2019-09-06T13:31:09","guid":{"rendered":"https:\/\/www.oderland.se\/support\/?page_id=7163"},"modified":"2026-04-15T09:36:13","modified_gmt":"2026-04-15T08:36:13","slug":"kontakt","status":"publish","type":"page","link":"https:\/\/www.oderland.se\/support\/kontakt\/","title":{"rendered":"Kontakta oss"},"content":{"rendered":"\n\n\n\n\n<div class=\"wp-block-columns is-layout-flex wp-container-core-columns-is-layout-28f84493 wp-block-columns-is-layout-flex\">\n<div class=\"wp-block-column is-layout-flow wp-block-column-is-layout-flow\" style=\"flex-basis:50%\">\n<h2 class=\"wp-block-heading\"><a href=\"tel:+46313616161\">031-3616161<\/a><\/h2>\n\n\n\n<p><\/p>\n<\/div>\n\n\n\n<div class=\"wp-block-column is-layout-flow wp-block-column-is-layout-flow\" style=\"flex-basis:50%\">\n<p>M\u00e5ndag &#8211; Fredag 8-18<\/p>\n\n\n\n<p>L\u00f6rdag &#8211; S\u00f6ndag 10-15<\/p>\n<\/div>\n<\/div>\n\n\n\n\n\n\n\n\n\n\n\n<p>Du n\u00e5r oss \u00e4ven via mail p\u00e5 <a href=\"mailto:support@oderland.se\"><strong>support@oderland.se<\/strong><\/a> samt <a href=\"mailto:ekonomi@oderland.se\"><strong>ekonomi@oderland.se<\/strong><\/a> f\u00f6r fakturafr\u00e5gor. Abuse anm\u00e4ls via <a href=\"https:\/\/www.oderland.se\/clients\/submitticket.php?step=2&amp;deptid=3&amp;language=english\">formul\u00e4r<\/a>. Vi har st\u00e4ngt f\u00f6r m\u00f6te onsdag 14:30 \u2013 15:30 samt fredag 14:00 \u2013 15:30. Chatten \u00e4r bemannad under kontorstid.<\/p>\n\n\n\n<h2 class=\"wp-block-heading\">Hj\u00e4lp oss hj\u00e4lpa dig<\/h2>\n\n\n\n<p class=\"wp-block-ht-blocks-messages wp-block-hb-message wp-block-hb-message--withicon is-style-info\">Du kan anv\u00e4nda b\u00e5de svenska och engelska n\u00e4r du kontaktar v\u00e5r support.<br>You can use both Swedish and English when contacting our support.<\/p>\n\n\n\n<p>Skapa g\u00e4rna \u00e4rendet direkt via <a aria-label=\"kundavdelningen (\u00f6ppnas i en ny flik)\" href=\"https:\/\/www.oderland.se\/logga-in\/\" target=\"_blank\" rel=\"noreferrer noopener\">kundavdelningen<\/a>. D\u00e5 vet vi att det \u00e4r du som \u00e4ger tj\u00e4nsten som h\u00f6r av dig och kan agera snabbare.<\/p>\n\n\n\n<p>N\u00e4r du kontaktar oss f\u00e5r du g\u00e4rna uppge vilken tj\u00e4nst det g\u00e4ller (dom\u00e4nnamn, mailadress, fakturanummer) samt inkludera en beskrivning av problemet. Om det g\u00e4ller sv\u00e5righet att n\u00e5 v\u00e5ra tj\u00e4nster, inkludera g\u00e4rna din IP-adress. Den hittar du <a href=\"https:\/\/ipnummer.org\/\" data-type=\"link\" data-id=\"https:\/\/ipnummer.org\/\">h\u00e4r<\/a>.<\/p>\n\n\n\n<p>Support ing\u00e5r ej i de tj\u00e4nster som vi erbjuder gratis (FreeDNS, epostflytt.se). I v\u00e5r VPS-tj\u00e4nst Oderland Cloud \u00e4r supporten begr\u00e4nsad till faktureringsfr\u00e5gor samt fr\u00e5gor kring hur du n\u00e5r din tj\u00e4nst. <\/p>\n\n\n\n<script>\n      window.Ebbot = {\n        botId: 'eb1ebb6qj168tw2dl6iwyebce64c1j',\n        ovh: true,\n      };\n    <\/script>\n    <script>!function(t){var e=\"init-js-widget\";if(!t.getElementById(e)){var i=t.createElement(\"script\");i.id=e,i.src=\"https:\/\/storage.gra.cloud.ovh.net\/v1\/AUTH_fc1ba5ae6eb64e10a8c0b2499d0e8ca9\/production\/ebbot-web\/init.js?t=\"+Math.random(),t.querySelector(\"body\").appendChild(i)}}(document);<\/script>\n\n\n\n<p><\/p>\n","protected":false},"excerpt":{"rendered":"<p>031-3616161 M\u00e5ndag &#8211; Fredag 8-18 L\u00f6rdag &#8211; S\u00f6ndag 10-15 Du n\u00e5r oss \u00e4ven via mail p\u00e5 support@oderland.se samt ekonomi@oderland.se f\u00f6r fakturafr\u00e5gor. Abuse anm\u00e4ls via formul\u00e4r. Vi har st\u00e4ngt f\u00f6r m\u00f6te onsdag 14:30 \u2013 15:30 samt fredag 14:00 \u2013 15:30. Chatten \u00e4r bemannad under kontorstid. Hj\u00e4lp oss hj\u00e4lpa dig Skapa g\u00e4rna&#8230;<\/p>\n","protected":false},"author":32,"featured_media":0,"parent":0,"menu_order":0,"comment_status":"closed","ping_status":"closed","template":"","meta":{"_acf_changed":false,"footnotes":""},"class_list":["post-7163","page","type-page","status-publish","hentry"],"acf":[],"_links":{"self":[{"href":"https:\/\/www.oderland.se\/support\/wp-json\/wp\/v2\/pages\/7163","targetHints":{"allow":["GET"]}}],"collection":[{"href":"https:\/\/www.oderland.se\/support\/wp-json\/wp\/v2\/pages"}],"about":[{"href":"https:\/\/www.oderland.se\/support\/wp-json\/wp\/v2\/types\/page"}],"author":[{"embeddable":true,"href":"https:\/\/www.oderland.se\/support\/wp-json\/wp\/v2\/users\/32"}],"replies":[{"embeddable":true,"href":"https:\/\/www.oderland.se\/support\/wp-json\/wp\/v2\/comments?post=7163"}],"version-history":[{"count":460,"href":"https:\/\/www.oderland.se\/support\/wp-json\/wp\/v2\/pages\/7163\/revisions"}],"predecessor-version":[{"id":25176,"href":"https:\/\/www.oderland.se\/support\/wp-json\/wp\/v2\/pages\/7163\/revisions\/25176"}],"wp:attachment":[{"href":"https:\/\/www.oderland.se\/support\/wp-json\/wp\/v2\/media?parent=7163"}],"curies":[{"name":"wp","href":"https:\/\/api.w.org\/{rel}","templated":true}]}}