{"id":11341,"date":"2020-07-30T15:15:55","date_gmt":"2020-07-30T14:15:55","guid":{"rendered":"https:\/\/www.oderland.se\/support\/?page_id=11341"},"modified":"2020-07-30T15:28:44","modified_gmt":"2020-07-30T14:28:44","slug":"ordlista","status":"publish","type":"page","link":"https:\/\/www.oderland.se\/support\/ordlista\/","title":{"rendered":"Ordlista"},"content":{"rendered":"\n<div class=\"glossary-container \"><input type=\"hidden\" class=\"cmtt-attribute-field\" name=\"glossary_index_style\" value=\"classic-definition\"><div id=\"glossaryList-nav\" class=\"listNav small\" role=\"tablist\"><\/div><ul class=\"glossaryList\" role=\"tablist\" id=\"glossaryList\"  itemscope itemtype=\"https:\/\/schema.org\/DefinedTermSet\"><li class=\"\"  itemscope itemtype=\"https:\/\/schema.org\/DefinedTerm\" ><span   role=\"term\" class=\"glossaryLink glossary-link-title \"   style=\"\"   itemprop=\"url\" ><span itemprop=\"name\">CDN<\/span><\/span><dfn class=\"glossary_itemdesc\" role=\"definition\"  itemprop=\"description\" >\nContent delivery network - ett n\u00e4tverk av servrar placerade i olika regioner v\u00e4rlden \u00f6ver. Syftet med att anv\u00e4nda ett CDN \u00e4r att data s\u00e5som bilder, javascriptfiler etc ska laddas fr\u00e5n servrar som geografiskt befinner sig n\u00e4rmre bes\u00f6kare till en viss site.\n<\/dfn><\/li><li class=\"\"  itemscope itemtype=\"https:\/\/schema.org\/DefinedTerm\" ><span   role=\"term\" class=\"glossaryLink glossary-link-title \"   style=\"\"   itemprop=\"url\" ><span itemprop=\"name\">cPanel<\/span><\/span><dfn class=\"glossary_itemdesc\" role=\"definition\"  itemprop=\"description\" >\nKontrollpanelen vi anv\u00e4nder f\u00f6r alla webbhotellkonton.\n<\/dfn><\/li><li class=\"\"  itemscope itemtype=\"https:\/\/schema.org\/DefinedTerm\" ><span   role=\"term\" class=\"glossaryLink glossary-link-title \"   style=\"\"   itemprop=\"url\" ><span itemprop=\"name\">DNS<\/span><\/span><dfn class=\"glossary_itemdesc\" role=\"definition\"  itemprop=\"description\" >\nDomain name system - kan ses som en telefonkatalog f\u00f6r Internet som kopplar ihop dom\u00e4nnamn (till exempel www.example.com) med IP-adresser (exempelvis 192.0.2.26), som anv\u00e4nds f\u00f6r den egentliga kommunikationen. Detta f\u00f6r att Internetanv\u00e4ndare ska slippa memorera IP-adresser.\n<\/dfn><\/li><li class=\"\"  itemscope itemtype=\"https:\/\/schema.org\/DefinedTerm\" ><span   role=\"term\" class=\"glossaryLink glossary-link-title \"   style=\"\"   itemprop=\"url\" ><span itemprop=\"name\">DNS-server<\/span><\/span><dfn class=\"glossary_itemdesc\" role=\"definition\"  itemprop=\"description\" >\nEn server som \u00f6vers\u00e4tter dom\u00e4nnamn till IP-adresser.\n<\/dfn><\/li><li class=\"\"  itemscope itemtype=\"https:\/\/schema.org\/DefinedTerm\" ><span   role=\"term\" class=\"glossaryLink glossary-link-title \"   style=\"\"   itemprop=\"url\" ><span itemprop=\"name\">DNSSEC<\/span><\/span><dfn class=\"glossary_itemdesc\" role=\"definition\"  itemprop=\"description\" >\nEn teknisk l\u00f6sning som g\u00f6r DNS-poster s\u00e4krare genom att signera dem med kryptografiska nycklar. DNSSEC skyddar mot f\u00f6rfalskade DNS-poster genom att varje uppslag valideras med nycklar mot s\u00e4rskilda valideringsposter.\n<\/dfn><\/li><li class=\"\"  itemscope itemtype=\"https:\/\/schema.org\/DefinedTerm\" ><span   role=\"term\" class=\"glossaryLink glossary-link-title \"   style=\"\"   itemprop=\"url\" ><span itemprop=\"name\">Dom\u00e4n<\/span><\/span><dfn class=\"glossary_itemdesc\" role=\"definition\"  itemprop=\"description\" >\nEn adress\/ett namn p\u00e5 Internet, s\u00e5som oderland.se eller exempel.se. Dom\u00e4ner anv\u00e4nds f\u00f6r att underl\u00e4tta surfande p\u00e5 Internet s\u00e5 man slipper memorera IP-adresser. Vem som helst kan registrera en dom\u00e4n och anv\u00e4nda f\u00f6r hemsidor, e-post, servrar etc.\n<\/dfn><\/li><li class=\"\"  itemscope itemtype=\"https:\/\/schema.org\/DefinedTerm\" ><span   role=\"term\" class=\"glossaryLink glossary-link-title \"   style=\"\"   itemprop=\"url\" ><span itemprop=\"name\">FQDN<\/span><\/span><dfn class=\"glossary_itemdesc\" role=\"definition\"  itemprop=\"description\" >\nFully qualified domain name - ocks\u00e5 kallat absolut dom\u00e4nnamn. Fullst\u00e4ndigt namn p\u00e5 t.ex. en hemsida (www.oderland.se) eller server (server.exempel.se).\n<\/dfn><\/li><li class=\"\"  itemscope itemtype=\"https:\/\/schema.org\/DefinedTerm\" ><span   role=\"term\" class=\"glossaryLink glossary-link-title \"   style=\"\"   itemprop=\"url\" ><span itemprop=\"name\">FTP<\/span><\/span><dfn class=\"glossary_itemdesc\" role=\"definition\"  itemprop=\"description\" >\nFile transfer protocol - ett s\u00e4tt att \u00f6verf\u00f6ra filer \u00f6ver Internet, till exempel f\u00f6r uppladdning av en hemsida till en server.\n<\/dfn><\/li><li class=\"\"  itemscope itemtype=\"https:\/\/schema.org\/DefinedTerm\" ><span   role=\"term\" class=\"glossaryLink glossary-link-title \"   style=\"\"   itemprop=\"url\" ><span itemprop=\"name\">HTML<\/span><\/span><dfn class=\"glossary_itemdesc\" role=\"definition\"  itemprop=\"description\" >\nHypertext markup language - ett sidbeskrivningsspr\u00e5k som anv\u00e4nds f\u00f6r att generera hemsidor p\u00e5 Internet. HTML ger instruktioner f\u00f6r hur ett datorprogram (exempelvis en webbl\u00e4sare) ska presentera text, bilder, layout, l\u00e4nkar etc.\n<\/dfn><\/li><li class=\"\"  itemscope itemtype=\"https:\/\/schema.org\/DefinedTerm\" ><span   role=\"term\" class=\"glossaryLink glossary-link-title \"   style=\"\"   itemprop=\"url\" ><span itemprop=\"name\">HTTP<\/span><\/span><dfn class=\"glossary_itemdesc\" role=\"definition\"  itemprop=\"description\" >\nHypertext transfer protocol - Det kommunikationsprotokoll som anv\u00e4nds f\u00f6r att \u00f6verf\u00f6ra webbsidor p\u00e5 Internet.\n<\/dfn><\/li><li class=\"\"  itemscope itemtype=\"https:\/\/schema.org\/DefinedTerm\" ><span   role=\"term\" class=\"glossaryLink glossary-link-title \"   style=\"\"   itemprop=\"url\" ><span itemprop=\"name\">IMAP4<\/span><\/span><dfn class=\"glossary_itemdesc\" role=\"definition\"  itemprop=\"description\" >\nInternet message access protocol - ett s\u00e4tt att l\u00e4sa e-post p\u00e5 en e-postserver. N\u00e4r en e-postklient (s\u00e5som Outlook, Thunderbird m.fl.) \u00e4r inst\u00e4lld p\u00e5 att ansluta till ett e-postkonto via IMAP visar programmet de meddelanden som finns p\u00e5 servern. E-postmeddelandena lagras allts\u00e5 p\u00e5 servern,(...)<\/dfn><\/li><li class=\"\"  itemscope itemtype=\"https:\/\/schema.org\/DefinedTerm\" ><span   role=\"term\" class=\"glossaryLink glossary-link-title \"   style=\"\"   itemprop=\"url\" ><span itemprop=\"name\">IP-adress<\/span><\/span><dfn class=\"glossary_itemdesc\" role=\"definition\"  itemprop=\"description\" >\nEtt nummer som anv\u00e4nds som adress p\u00e5 Internet (till exempel 192.0.2.26). IP-adressen identifierar normalt en viss dator (eller annan uppkopplad enhet), samtidigt som adressens f\u00f6rsta del visar till vilket n\u00e4tverk datorn \u00e4r kopplad.\n<\/dfn><\/li><li class=\"\"  itemscope itemtype=\"https:\/\/schema.org\/DefinedTerm\" ><span   role=\"term\" class=\"glossaryLink glossary-link-title \"   style=\"\"   itemprop=\"url\" ><span itemprop=\"name\">MariaDB<\/span><\/span><dfn class=\"glossary_itemdesc\" role=\"definition\"  itemprop=\"description\" >\nMariaDB \u00e4r en fortsatt utvecklad gren av MySQL-databasen. MariaDB \u00e4r avsett att uppr\u00e4tth\u00e5lla h\u00f6g kompatibilitet med MySQL, med exakt matchning mot MySQL-API:er och kommandon, vilket i m\u00e5nga fall g\u00f6r att det kan fungera som en direkt ers\u00e4ttning f\u00f6r MySQL.\n<\/dfn><\/li><li class=\"\"  itemscope itemtype=\"https:\/\/schema.org\/DefinedTerm\" ><span   role=\"term\" class=\"glossaryLink glossary-link-title \"   style=\"\"   itemprop=\"url\" ><span itemprop=\"name\">MySQL<\/span><\/span><dfn class=\"glossary_itemdesc\" role=\"definition\"  itemprop=\"description\" >\nEn databashanterare som anv\u00e4nder sig av fr\u00e5gespr\u00e5ket SQL f\u00f6r att h\u00e4mta ut och l\u00e4gga in data i databasen. M\u00e5nga hemsidor anv\u00e4nder MySQL f\u00f6r att hantera sitt inneh\u00e5ll, exempelvis s\u00e5dana baserade p\u00e5 WordPress.\n<\/dfn><\/li><li class=\"\"  itemscope itemtype=\"https:\/\/schema.org\/DefinedTerm\" ><span   role=\"term\" class=\"glossaryLink glossary-link-title \"   style=\"\"   itemprop=\"url\" ><span itemprop=\"name\">PHP<\/span><\/span><dfn class=\"glossary_itemdesc\" role=\"definition\"  itemprop=\"description\" >\nPHP: Hypertext Preprocessor - ett programmeringsspr\u00e5k som fr\u00e4mst k\u00f6rs p\u00e5 webbservrar f\u00f6r att driva hemsidor med dynamiskt inneh\u00e5ll (allts\u00e5 inneh\u00e5ll som genereras fr\u00e5n exempelvis en databas eller en bes\u00f6kars formul\u00e4rdata).\n<\/dfn><\/li><li class=\"\"  itemscope itemtype=\"https:\/\/schema.org\/DefinedTerm\" ><span   role=\"term\" class=\"glossaryLink glossary-link-title \"   style=\"\"   itemprop=\"url\" ><span itemprop=\"name\">POP3<\/span><\/span><dfn class=\"glossary_itemdesc\" role=\"definition\"  itemprop=\"description\" >\nPost office protocol - ett s\u00e4tt att l\u00e4sa e-post p\u00e5 en e-postserver. N\u00e4r en e-postklient (s\u00e5som Outlook, Thunderbird m.fl.) \u00e4r inst\u00e4lld p\u00e5 att ansluta till ett e-postkonto via POP3 laddar programmet ner de meddelanden som finns p\u00e5 servern. E-postmeddelandena lagras allts\u00e5 i e-postklienten,(...)<\/dfn><\/li><li class=\"\"  itemscope itemtype=\"https:\/\/schema.org\/DefinedTerm\" ><span   role=\"term\" class=\"glossaryLink glossary-link-title \"   style=\"\"   itemprop=\"url\" ><span itemprop=\"name\">Registrant<\/span><\/span><dfn class=\"glossary_itemdesc\" role=\"definition\"  itemprop=\"description\" >\n\u00c4garen av ett dom\u00e4nnamn.\n<\/dfn><\/li><li class=\"\"  itemscope itemtype=\"https:\/\/schema.org\/DefinedTerm\" ><span   role=\"term\" class=\"glossaryLink glossary-link-title \"   style=\"\"   itemprop=\"url\" ><span itemprop=\"name\">Registrar<\/span><\/span><dfn class=\"glossary_itemdesc\" role=\"definition\"  itemprop=\"description\" >\nEtt f\u00f6retag som registrerar och f\u00f6rnyar dom\u00e4nnamn \u00e5t sina kunder. Oderland \u00e4r ett exempel p\u00e5 en registrar.\n<\/dfn><\/li><li class=\"\"  itemscope itemtype=\"https:\/\/schema.org\/DefinedTerm\" ><span   role=\"term\" class=\"glossaryLink glossary-link-title \"   style=\"\"   itemprop=\"url\" ><span itemprop=\"name\">Registry<\/span><\/span><dfn class=\"glossary_itemdesc\" role=\"definition\"  itemprop=\"description\" >\nOrganisation som styr och st\u00e4ller \u00f6ver ett antal toppdom\u00e4ner och ger f\u00f6retag m\u00f6jlighet att bli registrarer. Internetstiftelsen i Sverige \u00e4r ett exempel p\u00e5 ett registry och de hanterar .se- och .nu-toppdom\u00e4nerna.\n<\/dfn><\/li><li class=\"\"  itemscope itemtype=\"https:\/\/schema.org\/DefinedTerm\" ><span   role=\"term\" class=\"glossaryLink glossary-link-title \"   style=\"\"   itemprop=\"url\" ><span itemprop=\"name\">SMTP<\/span><\/span><dfn class=\"glossary_itemdesc\" role=\"definition\"  itemprop=\"description\" >\nSimple mail transfer protocol - den vanligaste metoden f\u00f6r att skicka ut e-post fr\u00e5n en server. Hos oss p\u00e5 Oderland kr\u00e4vs inloggning med anv\u00e4ndarnamn och l\u00f6senord f\u00f6r att g\u00f6ra utskick av e-postmeddelanden.\n<\/dfn><\/li><li class=\"\"  itemscope itemtype=\"https:\/\/schema.org\/DefinedTerm\" ><span   role=\"term\" class=\"glossaryLink glossary-link-title \"   style=\"\"   itemprop=\"url\" ><span itemprop=\"name\">SSH<\/span><\/span><dfn class=\"glossary_itemdesc\" role=\"definition\"  itemprop=\"description\" >\nSecure shell - en metod f\u00f6r att ansluta sig s\u00e4kert mot andra datorer \u00f6ver Internet eller p\u00e5 ett lokalt n\u00e4tverk.\n<\/dfn><\/li><li class=\"\"  itemscope itemtype=\"https:\/\/schema.org\/DefinedTerm\" ><span   role=\"term\" class=\"glossaryLink glossary-link-title \"   style=\"\"   itemprop=\"url\" ><span itemprop=\"name\">SSH-nyckel<\/span><\/span><dfn class=\"glossary_itemdesc\" role=\"definition\"  itemprop=\"description\" >\nSSH-nycklar utg\u00f6rs av ett matchat par av en publik och en privat nyckel. Den publika nyckeln l\u00e4ggs upp p\u00e5 alla servrar man vill n\u00e5 medan den privata nyckeln endast ska finnas p\u00e5 den\/de enheter som du ansluter fr\u00e5n. Inloggning med nyckel \u00e4r mycket s\u00e4krare \u00e4n om man anv\u00e4nder l\u00f6senord.\n<\/dfn><\/li><li class=\"\"  itemscope itemtype=\"https:\/\/schema.org\/DefinedTerm\" ><span   role=\"term\" class=\"glossaryLink glossary-link-title \"   style=\"\"   itemprop=\"url\" ><span itemprop=\"name\">Toppdom\u00e4n<\/span><\/span><dfn class=\"glossary_itemdesc\" role=\"definition\"  itemprop=\"description\" >\nDen h\u00f6gsta niv\u00e5n i Internets DNS-system. Exempel \u00e4r .se, .nu och .com.\n<\/dfn><\/li><li class=\"\"  itemscope itemtype=\"https:\/\/schema.org\/DefinedTerm\" ><span   role=\"term\" class=\"glossaryLink glossary-link-title \"   style=\"\"   itemprop=\"url\" ><span itemprop=\"name\">TTL<\/span><\/span><dfn class=\"glossary_itemdesc\" role=\"definition\"  itemprop=\"description\" >\nTime to live - ett m\u00e5tt p\u00e5 livsl\u00e4ngden f\u00f6r viss data s\u00e5som ett DNS-inl\u00e4gg.\n<\/dfn><\/li><li class=\"\"  itemscope itemtype=\"https:\/\/schema.org\/DefinedTerm\" ><span   role=\"term\" class=\"glossaryLink glossary-link-title \"   style=\"\"   itemprop=\"url\" ><span itemprop=\"name\">URL<\/span><\/span><dfn class=\"glossary_itemdesc\" role=\"definition\"  itemprop=\"description\" >\nUniform resource locator eller webbadress - en serie bokst\u00e4ver och andra tecken som identifierar en adress p\u00e5 Internet, s\u00e5som https:\/\/www.oderland.se\/support\/.\n<\/dfn><\/li><li class=\"\"  itemscope itemtype=\"https:\/\/schema.org\/DefinedTerm\" ><span   role=\"term\" class=\"glossaryLink glossary-link-title \"   style=\"\"   itemprop=\"url\" ><span itemprop=\"name\">WordPress<\/span><\/span><dfn class=\"glossary_itemdesc\" role=\"definition\"  itemprop=\"description\" >\nBland de mest popul\u00e4ra blogg- och inneh\u00e5llshanteringssystem (CMS) p\u00e5 dagens Internet som anv\u00e4nds av miljontals hemsidor, bloggar och webbshoppar. Skrivet i PHP och anv\u00e4nder databasen MySQL f\u00f6r datalagringen.\n<\/dfn><\/li><li class=\"\"  itemscope itemtype=\"https:\/\/schema.org\/DefinedTerm\" ><span   role=\"term\" class=\"glossaryLink glossary-link-title \"   style=\"\"   itemprop=\"url\" ><span itemprop=\"name\">WordPress Toolkit<\/span><\/span><dfn class=\"glossary_itemdesc\" role=\"definition\"  itemprop=\"description\" >\nWordPress Toolkit l\u00e5ter dig installera, konfigurera och underh\u00e5lla dina WordPress-webbplatser fr\u00e5n ett samlat gr\u00e4nssnitt. Grundversionen ing\u00e5r utan kostnad. Uppgradera till Deluxe f\u00f6r \u00e4nnu fler funktioner.\n<\/dfn><\/li><\/ul><\/div>\n","protected":false},"excerpt":{"rendered":"","protected":false},"author":12,"featured_media":0,"parent":0,"menu_order":0,"comment_status":"closed","ping_status":"closed","template":"","meta":{"_acf_changed":false,"footnotes":""},"class_list":["post-11341","page","type-page","status-publish","hentry"],"acf":[],"_links":{"self":[{"href":"https:\/\/www.oderland.se\/support\/wp-json\/wp\/v2\/pages\/11341","targetHints":{"allow":["GET"]}}],"collection":[{"href":"https:\/\/www.oderland.se\/support\/wp-json\/wp\/v2\/pages"}],"about":[{"href":"https:\/\/www.oderland.se\/support\/wp-json\/wp\/v2\/types\/page"}],"author":[{"embeddable":true,"href":"https:\/\/www.oderland.se\/support\/wp-json\/wp\/v2\/users\/12"}],"replies":[{"embeddable":true,"href":"https:\/\/www.oderland.se\/support\/wp-json\/wp\/v2\/comments?post=11341"}],"version-history":[{"count":3,"href":"https:\/\/www.oderland.se\/support\/wp-json\/wp\/v2\/pages\/11341\/revisions"}],"predecessor-version":[{"id":11348,"href":"https:\/\/www.oderland.se\/support\/wp-json\/wp\/v2\/pages\/11341\/revisions\/11348"}],"wp:attachment":[{"href":"https:\/\/www.oderland.se\/support\/wp-json\/wp\/v2\/media?parent=11341"}],"curies":[{"name":"wp","href":"https:\/\/api.w.org\/{rel}","templated":true}]}}